{"id":5569,"date":"2024-03-13T11:55:05","date_gmt":"2024-03-13T10:55:05","guid":{"rendered":"https:\/\/www.daywalker-studios.de\/?page_id=5569"},"modified":"2024-06-12T11:07:25","modified_gmt":"2024-06-12T09:07:25","slug":"the-super-elfkins","status":"publish","type":"page","link":"https:\/\/www.daywalker-studios.de\/de\/projects\/the-super-elfkins\/","title":{"rendered":"DIE HEINZELS &#8211; NEUE M\u00dcTZEN, NEU MISSION"},"content":{"rendered":"<section class=\"wpb-content-wrapper\"><p>[vc_row][vc_column][vc_video link=&#8221;https:\/\/vimeo.com\/956961724\/77fc9a18d6&#8243;][\/vc_column][\/vc_row][vc_row][vc_column][vc_custom_heading text=&#8221;DIE HEINZELS &#8211; NEUE M\u00dcTZEN, NEU MISSION (AT)&#8221; font_container=&#8221;tag:h3|font_size:26px|text_align:left|color:%236dab24|line_height:30px&#8221; use_theme_fonts=&#8221;yes&#8221;][\/vc_column][\/vc_row][vc_row][vc_column width=&#8221;2\/3&#8243;][vc_column_text]Heinzelm\u00e4dchen Helvis Welt steht Kopf, als sie entdeckt, dass es neben ihrer Sippe noch andere Heinzels gibt: Eine Heinzels-Gang, die f\u00fcr jeden Spa\u00df zu haben ist und modernste Technik einsetzt. Kann Helvis Freundschaft mit Bo, dem j\u00fcngsten Gangmitglied, die beiden Heinzel-Sippen nach \u00fcber 250 Jahren vers\u00f6hnen?<\/p>\n<p>Basierend auf dem Kinofilm \u201eDie Heinzels \u2013 R\u00fcckkehr der Heinzelm\u00e4nnchen \u201c und inspiriert von der ber\u00fchmten Sage und dem Gedicht von August Kopisch.<\/p>\n<p>[\/vc_column_text][vc_empty_space height=&#8221;40px&#8221;][\/vc_column][vc_column width=&#8221;1\/3&#8243;][vc_column_text]<\/p>\n<p style=\"text-align: right;\"><strong>DAYWALKER Studios<\/strong><br \/>\nAsset Supervision<br \/>\nCharacter, Prop &amp; Set Modelling<br \/>\nCharacter, Prop &amp; Set Surfacing<br \/>\nCharacter &amp; Prop Rigging<br \/>\nCharacter &amp; Prop Grooming<br \/>\nLayout Animation<br \/>\nShot Prep.<br \/>\nPipeline<\/p>\n<p>[\/vc_column_text][vc_column_text]<\/p>\n<p style=\"text-align: right;\"><strong>Format<\/strong><br \/>\nAnimated Feature Film<\/p>\n<p style=\"text-align: right; font-style: italic;\">in production<\/p>\n<p>[\/vc_column_text][vc_column_text]<\/p>\n<p style=\"text-align: right;\"><strong>Client<\/strong><br \/>\nAkkord Film, arx anima, SERU Animation<\/p>\n<div id=\"gtx-trans\" style=\"position: absolute; left: 934px; top: -10px;\">\n<div class=\"gtx-trans-icon\"><\/div>\n<\/div>\n<p>[\/vc_column_text][\/vc_column][\/vc_row][vc_row][vc_column][vc_empty_space height=&#8221;80px&#8221;][vc_text_separator title=&#8221;STILLS&#8221; color=&#8221;custom&#8221; accent_color=&#8221;#6dab24&#8243;][vc_empty_space height=&#8221;25px&#8221;][\/vc_column][\/vc_row][vc_row][vc_column width=&#8221;1\/2&#8243;][vc_empty_space height=&#8221;25px&#8221;][vc_gallery type=&#8221;image_grid&#8221; images=&#8221;5812&#8243; img_size=&#8221;full&#8221;][\/vc_column][vc_column width=&#8221;1\/2&#8243;][vc_empty_space height=&#8221;25px&#8221;][vc_gallery type=&#8221;image_grid&#8221; images=&#8221;5594&#8243; img_size=&#8221;full&#8221;][\/vc_column][\/vc_row][vc_row][vc_column width=&#8221;1\/2&#8243;][\/vc_column][vc_column width=&#8221;1\/2&#8243;][\/vc_column][\/vc_row][vc_row][vc_column][vc_empty_space height=&#8221;35px&#8221;][vc_btn title=&#8221;PROJEKTE&#8221; style=&#8221;cms-viewall&#8221; align=&#8221;center&#8221; color_viewall=&#8221;gray&#8221; button_block=&#8221;true&#8221; link=&#8221;url:https%3A%2F%2Fwww.daywalker-studios.de%2Fprojects%2F|||&#8221;][vc_empty_space height=&#8221;15px&#8221;][\/vc_column][\/vc_row]<\/p>\n<\/section>","protected":false},"excerpt":{"rendered":"<p>[vc_row][vc_column][vc_video link=&#8221;https:\/\/vimeo.com\/956961724\/77fc9a18d6&#8243;][\/vc_column][\/vc_row][vc_row][vc_column][vc_custom_heading text=&#8221;DIE HEINZELS &#8211; NEUE M\u00dcTZEN, NEU MISSION (AT)&#8221; font_container=&#8221;tag:h3|font_size:26px|text_align:left|color:%236dab24|line_height:30px&#8221; use_theme_fonts=&#8221;yes&#8221;][\/vc_column][\/vc_row][vc_row][vc_column width=&#8221;2\/3&#8243;][vc_column_text]Heinzelm\u00e4dchen Helvis Welt steht Kopf, als sie entdeckt, dass es neben ihrer Sippe<\/p>\n","protected":false},"author":4,"featured_media":0,"parent":3430,"menu_order":1,"comment_status":"closed","ping_status":"closed","template":"","meta":{"footnotes":""},"class_list":["post-5569","page","type-page","status-publish","hentry"],"translation":{"provider":"WPGlobus","version":"3.0.2","language":"de","enabled_languages":["en","de"],"languages":{"en":{"title":true,"content":true,"excerpt":false},"de":{"title":true,"content":true,"excerpt":false}}},"aioseo_notices":[],"_links":{"self":[{"href":"https:\/\/www.daywalker-studios.de\/de\/wp-json\/wp\/v2\/pages\/5569","targetHints":{"allow":["GET"]}}],"collection":[{"href":"https:\/\/www.daywalker-studios.de\/de\/wp-json\/wp\/v2\/pages"}],"about":[{"href":"https:\/\/www.daywalker-studios.de\/de\/wp-json\/wp\/v2\/types\/page"}],"author":[{"embeddable":true,"href":"https:\/\/www.daywalker-studios.de\/de\/wp-json\/wp\/v2\/users\/4"}],"replies":[{"embeddable":true,"href":"https:\/\/www.daywalker-studios.de\/de\/wp-json\/wp\/v2\/comments?post=5569"}],"version-history":[{"count":34,"href":"https:\/\/www.daywalker-studios.de\/de\/wp-json\/wp\/v2\/pages\/5569\/revisions"}],"predecessor-version":[{"id":5829,"href":"https:\/\/www.daywalker-studios.de\/de\/wp-json\/wp\/v2\/pages\/5569\/revisions\/5829"}],"up":[{"embeddable":true,"href":"https:\/\/www.daywalker-studios.de\/de\/wp-json\/wp\/v2\/pages\/3430"}],"wp:attachment":[{"href":"https:\/\/www.daywalker-studios.de\/de\/wp-json\/wp\/v2\/media?parent=5569"}],"curies":[{"name":"wp","href":"https:\/\/api.w.org\/{rel}","templated":true}]}}