{"id":5568,"date":"2024-03-13T11:55:07","date_gmt":"2024-03-13T10:55:07","guid":{"rendered":"https:\/\/www.daywalker-studios.de\/?page_id=5568"},"modified":"2024-06-25T09:39:57","modified_gmt":"2024-06-25T07:39:57","slug":"stitch-head","status":"publish","type":"page","link":"https:\/\/www.daywalker-studios.de\/de\/projects\/stitch-head\/","title":{"rendered":"STITCH HEAD"},"content":{"rendered":"<section class=\"wpb-content-wrapper\"><p>[vc_row][vc_column][vc_gallery type=&#8221;image_grid&#8221; images=&#8221;5626&#8243; img_size=&#8221;full&#8221;][\/vc_column][\/vc_row][vc_row][vc_column][vc_custom_heading text=&#8221;STITCH HEAD&#8221; font_container=&#8221;tag:h3|font_size:26px|text_align:left|color:%236dab24|line_height:30px&#8221; use_theme_fonts=&#8221;yes&#8221;][\/vc_column][\/vc_row][vc_row][vc_column][vc_column_text]<br \/>\n[\/vc_column_text][\/vc_column][\/vc_row][vc_row][vc_column width=&#8221;2\/3&#8243;][vc_column_text]Hoch \u00fcber der kleinen Stadt Grubbers Nubbin erhebt sich Schloss Grotteskew. Hier, in seinem Labor, erweckt der verr\u00fcckteste aller verr\u00fcckten Professoren monstr\u00f6se Kreationen zum (fast)-LEBEN!\u2122&#8230; und vergisst sie dann prompt wieder.<br \/>\nDer einzige, der sich um das Schloss und die Monster darin k\u00fcmmert, ist Stitch Head &#8211; die allererste, l\u00e4ngst vergessene Sch\u00f6pfung des Professors. Aus Angst, die Stadtbewohner k\u00f6nnten einen w\u00fctenden Mob bilden und das Schloss st\u00fcrmen, tut Stitch Head alles, um sich und seine Mitmonster ruhig und versteckt zu halten.<br \/>\nDoch dann kommt die Freakshow in die Stadt. Und ihr Besitzer, der gerissene Fulbert Freakfinder, braucht neue, gruseligere Freaks&#8230;<br \/>\nStitch Head ist ein Abenteuer voller Spa\u00df, f\u00fcr kleine und gro\u00dfe Monster.[\/vc_column_text][vc_empty_space height=&#8221;40px&#8221;][\/vc_column][vc_column width=&#8221;1\/3&#8243;][vc_column_text]<\/p>\n<p style=\"text-align: right;\"><strong>DAYWALKER Studios<\/strong><br \/>\nAsset Supervision<\/p>\n<p>[\/vc_column_text][vc_column_text]<\/p>\n<p style=\"text-align: right;\"><strong>Format<\/strong><br \/>\nAnimated Feature Film<\/p>\n<p style=\"text-align: right; font-style: italic;\">in production<\/p>\n<p>[\/vc_column_text][vc_column_text]<\/p>\n<p style=\"text-align: right;\"><strong>Client<\/strong><br \/>\nGringo films<\/p>\n<div id=\"gtx-trans\" style=\"position: absolute; left: 934px; top: -10px;\">\n<div class=\"gtx-trans-icon\"><\/div>\n<\/div>\n<p>[\/vc_column_text][\/vc_column][\/vc_row][vc_row][vc_column][vc_empty_space height=&#8221;80px&#8221;][vc_text_separator title=&#8221;STILLS&#8221; color=&#8221;custom&#8221; accent_color=&#8221;#6dab24&#8243;][vc_empty_space height=&#8221;25px&#8221;][\/vc_column][\/vc_row][vc_row][vc_column width=&#8221;1\/2&#8243;][vc_empty_space height=&#8221;25px&#8221;][vc_gallery type=&#8221;image_grid&#8221; images=&#8221;5613&#8243; img_size=&#8221;large&#8221;][vc_gallery type=&#8221;image_grid&#8221; images=&#8221;5614&#8243; img_size=&#8221;large&#8221;][vc_gallery type=&#8221;image_grid&#8221; images=&#8221;5615&#8243; img_size=&#8221;large&#8221;][vc_gallery type=&#8221;image_grid&#8221; images=&#8221;5612&#8243; img_size=&#8221;large&#8221;][\/vc_column][vc_column width=&#8221;1\/2&#8243;][vc_empty_space height=&#8221;25px&#8221;][vc_gallery type=&#8221;image_grid&#8221; images=&#8221;5616&#8243; img_size=&#8221;full&#8221;][\/vc_column][\/vc_row][vc_row][vc_column width=&#8221;1\/2&#8243;][\/vc_column][vc_column width=&#8221;1\/2&#8243;][\/vc_column][\/vc_row][vc_row][vc_column][vc_empty_space height=&#8221;35px&#8221;][vc_btn title=&#8221;PROJEKTE&#8221; style=&#8221;cms-viewall&#8221; align=&#8221;center&#8221; color_viewall=&#8221;gray&#8221; button_block=&#8221;true&#8221; link=&#8221;url:https%3A%2F%2Fwww.daywalker-studios.de%2Fprojects%2F|||&#8221;][vc_empty_space height=&#8221;15px&#8221;][\/vc_column][\/vc_row]<\/p>\n<\/section>","protected":false},"excerpt":{"rendered":"<p>[vc_row][vc_column][vc_gallery type=&#8221;image_grid&#8221; images=&#8221;5626&#8243; img_size=&#8221;full&#8221;][\/vc_column][\/vc_row][vc_row][vc_column][vc_custom_heading text=&#8221;STITCH HEAD&#8221; font_container=&#8221;tag:h3|font_size:26px|text_align:left|color:%236dab24|line_height:30px&#8221; use_theme_fonts=&#8221;yes&#8221;][\/vc_column][\/vc_row][vc_row][vc_column][vc_column_text] [\/vc_column_text][\/vc_column][\/vc_row][vc_row][vc_column width=&#8221;2\/3&#8243;][vc_column_text]Hoch \u00fcber der kleinen Stadt Grubbers Nubbin erhebt sich Schloss Grotteskew. Hier, in seinem Labor, erweckt<\/p>\n","protected":false},"author":4,"featured_media":0,"parent":3430,"menu_order":1,"comment_status":"closed","ping_status":"closed","template":"","meta":{"footnotes":""},"class_list":["post-5568","page","type-page","status-publish","hentry"],"translation":{"provider":"WPGlobus","version":"3.0.2","language":"de","enabled_languages":["en","de"],"languages":{"en":{"title":true,"content":true,"excerpt":false},"de":{"title":true,"content":true,"excerpt":false}}},"aioseo_notices":[],"_links":{"self":[{"href":"https:\/\/www.daywalker-studios.de\/de\/wp-json\/wp\/v2\/pages\/5568","targetHints":{"allow":["GET"]}}],"collection":[{"href":"https:\/\/www.daywalker-studios.de\/de\/wp-json\/wp\/v2\/pages"}],"about":[{"href":"https:\/\/www.daywalker-studios.de\/de\/wp-json\/wp\/v2\/types\/page"}],"author":[{"embeddable":true,"href":"https:\/\/www.daywalker-studios.de\/de\/wp-json\/wp\/v2\/users\/4"}],"replies":[{"embeddable":true,"href":"https:\/\/www.daywalker-studios.de\/de\/wp-json\/wp\/v2\/comments?post=5568"}],"version-history":[{"count":36,"href":"https:\/\/www.daywalker-studios.de\/de\/wp-json\/wp\/v2\/pages\/5568\/revisions"}],"predecessor-version":[{"id":5637,"href":"https:\/\/www.daywalker-studios.de\/de\/wp-json\/wp\/v2\/pages\/5568\/revisions\/5637"}],"up":[{"embeddable":true,"href":"https:\/\/www.daywalker-studios.de\/de\/wp-json\/wp\/v2\/pages\/3430"}],"wp:attachment":[{"href":"https:\/\/www.daywalker-studios.de\/de\/wp-json\/wp\/v2\/media?parent=5568"}],"curies":[{"name":"wp","href":"https:\/\/api.w.org\/{rel}","templated":true}]}}