{"id":5556,"date":"2024-03-13T11:51:27","date_gmt":"2024-03-13T10:51:27","guid":{"rendered":"https:\/\/www.daywalker-studios.de\/?page_id=5556"},"modified":"2024-03-18T11:22:19","modified_gmt":"2024-03-18T10:22:19","slug":"moonbound","status":"publish","type":"page","link":"https:\/\/www.daywalker-studios.de\/de\/projects\/moonbound\/","title":{"rendered":"PETERCHENS MONDFAHRT"},"content":{"rendered":"<section class=\"wpb-content-wrapper\"><p>[vc_row][vc_column][vc_video link=&#8221;https:\/\/vimeo.com\/886094284&#8243; el_width=&#8221;60&#8243;][\/vc_column][\/vc_row][vc_row][vc_column][vc_custom_heading text=&#8221;PETERCHENS MONDFAHRT&#8221; font_container=&#8221;tag:h3|font_size:26px|text_align:left|color:%236dab24|line_height:30px&#8221; use_theme_fonts=&#8221;yes&#8221;][\/vc_column][\/vc_row][vc_row][vc_column width=&#8221;2\/3&#8243;][vc_column_text]<br \/>\nPeterchens Mondfahrt ist eine moderne Variante des M\u00e4rchen-Klassikers von Gerdt von Bassewitz. Eine Abenteuergeschichte f\u00fcr Gro\u00df und Klein, voller Wunder und Gefahren, pr\u00e4chtiger Bilder und liebevoller Gestalten wie dem Sandmann, der Nachtfee, den wilden Naturgeistern und nat\u00fcrlich dem Maik\u00e4fer Sumsemann.<br \/>\n[\/vc_column_text][vc_empty_space height=&#8221;40px&#8221;][\/vc_column][vc_column width=&#8221;1\/3&#8243;][vc_column_text]<\/p>\n<p style=\"text-align: right;\"><strong>DAYWALKER Studios<\/strong><\/p>\n<p style=\"text-align: right;\">Pipeline<br \/>\nLook Development<br \/>\nAsset &amp; Environment Creation<br \/>\nAnimation<\/p>\n<div id=\"gtx-trans\" style=\"position: absolute; left: 938px; top: 174px;\">\n<div class=\"gtx-trans-icon\"><\/div>\n<\/div>\n<p>[\/vc_column_text][vc_column_text]<\/p>\n<p style=\"text-align: right;\"><strong>Genre<\/strong><\/p>\n<p style=\"text-align: right;\">CGI Animated Feature Film<\/p>\n<div id=\"gtx-trans\" style=\"position: absolute; left: 964px; top: 30px;\">\n<div class=\"gtx-trans-icon\"><\/div>\n<\/div>\n<p>[\/vc_column_text][vc_column_text]<\/p>\n<p style=\"text-align: right;\">@ Little Dream Entertainment, brave new work, coop99<\/p>\n<div id=\"gtx-trans\" style=\"position: absolute; left: 1054px; top: -10px;\">\n<div class=\"gtx-trans-icon\"><\/div>\n<\/div>\n<p>[\/vc_column_text][\/vc_column][\/vc_row][vc_row][vc_column][vc_empty_space height=&#8221;80px&#8221;][vc_text_separator title=&#8221;STILLS&#8221; color=&#8221;custom&#8221; accent_color=&#8221;#6dab24&#8243;][vc_empty_space height=&#8221;25px&#8221;][\/vc_column][\/vc_row][vc_row][vc_column width=&#8221;1\/2&#8243;][vc_empty_space height=&#8221;25px&#8221;][vc_gallery type=&#8221;image_grid&#8221; images=&#8221;5663&#8243; img_size=&#8221;large&#8221;][vc_gallery type=&#8221;image_grid&#8221; images=&#8221;5661&#8243; img_size=&#8221;large&#8221;][vc_gallery type=&#8221;image_grid&#8221; images=&#8221;5666&#8243; img_size=&#8221;large&#8221;][vc_gallery interval=&#8221;3&#8243; images=&#8221;5665&#8243; img_size=&#8221;large&#8221;][\/vc_column][vc_column width=&#8221;1\/2&#8243;][vc_empty_space height=&#8221;25px&#8221;][vc_gallery type=&#8221;image_grid&#8221; images=&#8221;5660&#8243; img_size=&#8221;full&#8221;][\/vc_column][\/vc_row][vc_row][vc_column width=&#8221;1\/2&#8243;][\/vc_column][vc_column width=&#8221;1\/2&#8243;][\/vc_column][\/vc_row][vc_row][vc_column][vc_empty_space height=&#8221;35px&#8221;][vc_btn title=&#8221;PROJEKTE&#8221; style=&#8221;cms-viewall&#8221; align=&#8221;center&#8221; color_viewall=&#8221;gray&#8221; button_block=&#8221;true&#8221; link=&#8221;url:https%3A%2F%2Fwww.daywalker-studios.de%2Fprojects%2F|||&#8221;][vc_empty_space height=&#8221;15px&#8221;][\/vc_column][\/vc_row]<\/p>\n<\/section>","protected":false},"excerpt":{"rendered":"<p>[vc_row][vc_column][vc_video link=&#8221;https:\/\/vimeo.com\/886094284&#8243; el_width=&#8221;60&#8243;][\/vc_column][\/vc_row][vc_row][vc_column][vc_custom_heading text=&#8221;PETERCHENS MONDFAHRT&#8221; font_container=&#8221;tag:h3|font_size:26px|text_align:left|color:%236dab24|line_height:30px&#8221; use_theme_fonts=&#8221;yes&#8221;][\/vc_column][\/vc_row][vc_row][vc_column width=&#8221;2\/3&#8243;][vc_column_text] Peterchens Mondfahrt ist eine moderne Variante des M\u00e4rchen-Klassikers von Gerdt von Bassewitz. Eine Abenteuergeschichte f\u00fcr Gro\u00df und<\/p>\n","protected":false},"author":4,"featured_media":0,"parent":3430,"menu_order":1,"comment_status":"closed","ping_status":"closed","template":"","meta":{"footnotes":""},"class_list":["post-5556","page","type-page","status-publish","hentry"],"translation":{"provider":"WPGlobus","version":"3.0.2","language":"de","enabled_languages":["en","de"],"languages":{"en":{"title":true,"content":true,"excerpt":false},"de":{"title":true,"content":true,"excerpt":false}}},"aioseo_notices":[],"_links":{"self":[{"href":"https:\/\/www.daywalker-studios.de\/de\/wp-json\/wp\/v2\/pages\/5556","targetHints":{"allow":["GET"]}}],"collection":[{"href":"https:\/\/www.daywalker-studios.de\/de\/wp-json\/wp\/v2\/pages"}],"about":[{"href":"https:\/\/www.daywalker-studios.de\/de\/wp-json\/wp\/v2\/types\/page"}],"author":[{"embeddable":true,"href":"https:\/\/www.daywalker-studios.de\/de\/wp-json\/wp\/v2\/users\/4"}],"replies":[{"embeddable":true,"href":"https:\/\/www.daywalker-studios.de\/de\/wp-json\/wp\/v2\/comments?post=5556"}],"version-history":[{"count":8,"href":"https:\/\/www.daywalker-studios.de\/de\/wp-json\/wp\/v2\/pages\/5556\/revisions"}],"predecessor-version":[{"id":5670,"href":"https:\/\/www.daywalker-studios.de\/de\/wp-json\/wp\/v2\/pages\/5556\/revisions\/5670"}],"up":[{"embeddable":true,"href":"https:\/\/www.daywalker-studios.de\/de\/wp-json\/wp\/v2\/pages\/3430"}],"wp:attachment":[{"href":"https:\/\/www.daywalker-studios.de\/de\/wp-json\/wp\/v2\/media?parent=5556"}],"curies":[{"name":"wp","href":"https:\/\/api.w.org\/{rel}","templated":true}]}}