{"id":5254,"date":"2021-01-06T16:50:08","date_gmt":"2021-01-06T15:50:08","guid":{"rendered":"https:\/\/www.daywalker-studios.de\/?page_id=5254"},"modified":"2024-03-21T16:21:21","modified_gmt":"2024-03-21T15:21:21","slug":"latte-igel","status":"publish","type":"page","link":"https:\/\/www.daywalker-studios.de\/de\/projects\/latte-igel\/","title":{"rendered":"LATTE IGEL UND DER MAGISCHE WASSERSTEIN"},"content":{"rendered":"<section class=\"wpb-content-wrapper\"><p>[vc_row][vc_column][vc_video link=&#8221;https:\/\/vimeo.com\/497660105&#8243; el_width=&#8221;60&#8243;][\/vc_column][\/vc_row][vc_row][vc_column][vc_custom_heading text=&#8221;LATTE IGEL UND DER MAGISCHE WASSERSTEIN&#8221; font_container=&#8221;tag:h3|font_size:26px|text_align:left|color:%236dab24|line_height:30px&#8221; use_theme_fonts=&#8221;yes&#8221;][\/vc_column][\/vc_row][vc_row][vc_column width=&#8221;2\/3&#8243;][vc_column_text]Tief im Wald lebt eine Gruppe von Tieren in friedlichem Miteinander. Doch eine schreckliche D\u00fcrre bedroht den Wald und seine Bewohner. Die Situation scheint hoffnungslos. Einzig das Igelm\u00e4dchen Latte will den Mut nicht verlieren und beschlie\u00dft, sich auf den gef\u00e4hrlichen Weg zu machen, den magischen Wasserstein aus den Klauen des B\u00e4renk\u00f6nigs Bantur zu holen, um die D\u00fcrrezeit zu beenden. Dass sie ausgerechnet von dem Eichh\u00f6rnchen Tjum begleitet wird, ist nicht die einzige \u00dcberraschung auf Lattes Reise. Widerwillig m\u00fcssen die zwei Streith\u00e4hne erkennen, dass sie das gr\u00f6\u00dfte Abenteuer ihres Lebens nur bestehen k\u00f6nnen, wenn sie zusammenhalten.[\/vc_column_text][vc_empty_space height=&#8221;40px&#8221;][\/vc_column][vc_column width=&#8221;1\/3&#8243;][vc_column_text]<\/p>\n<p style=\"text-align: right;\"><strong>DAYWALKER Studios<\/strong><br \/>\nCG Supervision<br \/>\nCharacter, Prop &amp; Set Modelling<br \/>\nCharacter, Prop &amp; Set Surfacing<br \/>\nCharacter Grooming<br \/>\nCharacter Animation<\/p>\n<p>[\/vc_column_text][vc_column_text]<\/p>\n<p style=\"text-align: right;\"><strong>Format<\/strong><br \/>\nAnimated Feature Film<\/p>\n<div id=\"gtx-trans\" style=\"position: absolute; left: -30px; top: -10px;\">\n<div class=\"gtx-trans-icon\"><\/div>\n<\/div>\n<p>[\/vc_column_text][vc_column_text]<\/p>\n<p style=\"text-align: right;\"><strong>Client<\/strong><br \/>\nDreamin\u2019 Dolphin Film GmbH, Eagle Eye Filmproduktion UG &amp; Grid Animation<\/p>\n<div id=\"gtx-trans\" style=\"position: absolute; left: 934px; top: -10px;\">\n<div class=\"gtx-trans-icon\"><\/div>\n<\/div>\n<p>[\/vc_column_text][\/vc_column][\/vc_row][vc_row][vc_column][vc_empty_space height=&#8221;80px&#8221;][vc_text_separator title=&#8221;STILLS&#8221; color=&#8221;custom&#8221; accent_color=&#8221;#6dab24&#8243;][vc_empty_space height=&#8221;25px&#8221;][\/vc_column][\/vc_row][vc_row][vc_column width=&#8221;1\/2&#8243;][vc_empty_space height=&#8221;25px&#8221;][vc_gallery type=&#8221;image_grid&#8221; images=&#8221;5293&#8243; img_size=&#8221;large&#8221;][vc_gallery type=&#8221;image_grid&#8221; images=&#8221;5291&#8243; img_size=&#8221;large&#8221;][vc_gallery type=&#8221;image_grid&#8221; images=&#8221;5290&#8243; img_size=&#8221;large&#8221;][vc_gallery type=&#8221;image_grid&#8221; images=&#8221;5289&#8243; img_size=&#8221;large&#8221;][\/vc_column][vc_column width=&#8221;1\/2&#8243;][vc_empty_space height=&#8221;25px&#8221;][vc_gallery type=&#8221;image_grid&#8221; images=&#8221;5286&#8243; img_size=&#8221;full&#8221;][\/vc_column][\/vc_row][vc_row][vc_column width=&#8221;1\/2&#8243;][\/vc_column][vc_column width=&#8221;1\/2&#8243;][\/vc_column][\/vc_row][vc_row][vc_column][vc_empty_space height=&#8221;35px&#8221;][vc_btn title=&#8221;PROJEKTE&#8221; style=&#8221;cms-viewall&#8221; align=&#8221;center&#8221; color_viewall=&#8221;gray&#8221; button_block=&#8221;true&#8221; link=&#8221;url:https%3A%2F%2Fwww.daywalker-studios.de%2Fprojects%2F|||&#8221;][vc_empty_space height=&#8221;15px&#8221;][\/vc_column][\/vc_row]<\/p>\n<\/section>","protected":false},"excerpt":{"rendered":"<p>[vc_row][vc_column][vc_video link=&#8221;https:\/\/vimeo.com\/497660105&#8243; el_width=&#8221;60&#8243;][\/vc_column][\/vc_row][vc_row][vc_column][vc_custom_heading text=&#8221;LATTE IGEL UND DER MAGISCHE WASSERSTEIN&#8221; font_container=&#8221;tag:h3|font_size:26px|text_align:left|color:%236dab24|line_height:30px&#8221; use_theme_fonts=&#8221;yes&#8221;][\/vc_column][\/vc_row][vc_row][vc_column width=&#8221;2\/3&#8243;][vc_column_text]Tief im Wald lebt eine Gruppe von Tieren in friedlichem Miteinander. Doch eine schreckliche<\/p>\n","protected":false},"author":4,"featured_media":0,"parent":3430,"menu_order":1,"comment_status":"closed","ping_status":"closed","template":"","meta":{"footnotes":""},"class_list":["post-5254","page","type-page","status-publish","hentry"],"translation":{"provider":"WPGlobus","version":"3.0.2","language":"de","enabled_languages":["en","de"],"languages":{"en":{"title":true,"content":true,"excerpt":false},"de":{"title":true,"content":true,"excerpt":false}}},"aioseo_notices":[],"_links":{"self":[{"href":"https:\/\/www.daywalker-studios.de\/de\/wp-json\/wp\/v2\/pages\/5254","targetHints":{"allow":["GET"]}}],"collection":[{"href":"https:\/\/www.daywalker-studios.de\/de\/wp-json\/wp\/v2\/pages"}],"about":[{"href":"https:\/\/www.daywalker-studios.de\/de\/wp-json\/wp\/v2\/types\/page"}],"author":[{"embeddable":true,"href":"https:\/\/www.daywalker-studios.de\/de\/wp-json\/wp\/v2\/users\/4"}],"replies":[{"embeddable":true,"href":"https:\/\/www.daywalker-studios.de\/de\/wp-json\/wp\/v2\/comments?post=5254"}],"version-history":[{"count":31,"href":"https:\/\/www.daywalker-studios.de\/de\/wp-json\/wp\/v2\/pages\/5254\/revisions"}],"predecessor-version":[{"id":5722,"href":"https:\/\/www.daywalker-studios.de\/de\/wp-json\/wp\/v2\/pages\/5254\/revisions\/5722"}],"up":[{"embeddable":true,"href":"https:\/\/www.daywalker-studios.de\/de\/wp-json\/wp\/v2\/pages\/3430"}],"wp:attachment":[{"href":"https:\/\/www.daywalker-studios.de\/de\/wp-json\/wp\/v2\/media?parent=5254"}],"curies":[{"name":"wp","href":"https:\/\/api.w.org\/{rel}","templated":true}]}}