{"id":4018,"date":"2017-05-01T17:29:53","date_gmt":"2017-05-01T15:29:53","guid":{"rendered":"http:\/\/www.daywalker-studios.de\/?page_id=4018"},"modified":"2024-03-21T16:43:11","modified_gmt":"2024-03-21T15:43:11","slug":"jojo-2","status":"publish","type":"page","link":"https:\/\/www.daywalker-studios.de\/de\/projects\/jojo-2\/","title":{"rendered":"JOJO"},"content":{"rendered":"<section class=\"wpb-content-wrapper\"><p>[vc_row][vc_column][vc_video link=&#8221;https:\/\/www.vimeo.com\/208462674&#8243; el_width=&#8221;60&#8243;][\/vc_column][\/vc_row][vc_row][vc_column][vc_custom_heading text=&#8221;JOJO UND DER FUSSBALLGOTT&#8221; font_container=&#8221;tag:h3|text_align:left|color:%236dab24&#8243; use_theme_fonts=&#8221;yes&#8221;][\/vc_column][\/vc_row][vc_row][vc_column width=&#8221;2\/3&#8243;][vc_column_text]Machtgierige Fu\u00dfballgauner treffen auf die Schlagfertigkeit und Treffsicherheit von quicklebendigen Kickerm\u00e4nnchen. JOJO UND DER FUSSBALLGOTT ist Familiy Entertainment f\u00fcr jedes Alter und erz\u00e4hlt in Live-Action kombiniert mit Animation eine erstaunliche und fesselnde Geschichte.[\/vc_column_text][vc_empty_space height=&#8221;40px&#8221;][\/vc_column][vc_column width=&#8221;1\/3&#8243;][vc_column_text]<\/p>\n<p style=\"text-align: right;\"><strong>DAYWALKER Studios<\/strong><br \/>\nDevelopment &#038; Production<\/p>\n<p>[\/vc_column_text][vc_column_text]<\/p>\n<p style=\"text-align: right;\"><strong>Format<\/strong><br \/>\nFeature Film, Proof of Concept<\/p>\n<div id=\"gtx-trans\" style=\"position: absolute; left: -30px; top: -10px;\">\n<div class=\"gtx-trans-icon\"><\/div>\n<\/div>\n<p>[\/vc_column_text][vc_column_text]<\/p>\n<p style=\"text-align: right;\"><strong>Client<\/strong><br \/>\nDAYWALKER Studios, Coin Film<\/p>\n<div id=\"gtx-trans\" style=\"position: absolute; left: 934px; top: -10px;\">\n<div class=\"gtx-trans-icon\"><\/div>\n<\/div>\n<p>[\/vc_column_text][\/vc_column][\/vc_row][vc_row][vc_column][vc_empty_space height=&#8221;80px&#8221;][vc_text_separator title=&#8221;STILLS&#8221; color=&#8221;custom&#8221; accent_color=&#8221;#6dab24&#8243;][vc_empty_space height=&#8221;25px&#8221;][\/vc_column][\/vc_row][vc_row][vc_column][vc_empty_space height=&#8221;25px&#8221;][vc_gallery type=&#8221;image_grid&#8221; images=&#8221;4113&#8243; img_size=&#8221;full&#8221;][\/vc_column][\/vc_row][vc_row][vc_column width=&#8221;1\/3&#8243;][vc_empty_space height=&#8221;25px&#8221;][vc_gallery type=&#8221;image_grid&#8221; images=&#8221;4443&#8243; img_size=&#8221;full&#8221;][\/vc_column][vc_column width=&#8221;1\/3&#8243;][vc_empty_space height=&#8221;25px&#8221;][vc_gallery type=&#8221;image_grid&#8221; images=&#8221;3720&#8243; img_size=&#8221;full&#8221;][\/vc_column][vc_column width=&#8221;1\/3&#8243;][vc_empty_space height=&#8221;25px&#8221;][vc_gallery type=&#8221;image_grid&#8221; images=&#8221;4444&#8243; img_size=&#8221;full&#8221;][\/vc_column][\/vc_row][vc_row][vc_column width=&#8221;1\/2&#8243;][vc_empty_space height=&#8221;25px&#8221;][vc_gallery type=&#8221;image_grid&#8221; images=&#8221;4446&#8243; img_size=&#8221;full&#8221;][\/vc_column][vc_column width=&#8221;1\/2&#8243;][vc_empty_space height=&#8221;25px&#8221;][vc_gallery type=&#8221;image_grid&#8221; images=&#8221;4447&#8243; img_size=&#8221;large&#8221;][\/vc_column][\/vc_row][vc_row][vc_column][vc_empty_space height=&#8221;35px&#8221;][vc_btn title=&#8221;PROJEKTE&#8221; style=&#8221;cms-viewall&#8221; align=&#8221;center&#8221; color_viewall=&#8221;gray&#8221; link=&#8221;url:https%3A%2F%2Fwww.daywalker-studios.de%2Fprojects%2F|||&#8221; button_block=&#8221;true&#8221;][vc_empty_space height=&#8221;15px&#8221;][\/vc_column][\/vc_row]<\/p>\n<\/section>","protected":false},"excerpt":{"rendered":"<p>[vc_row][vc_column][vc_video link=&#8221;https:\/\/www.vimeo.com\/208462674&#8243; el_width=&#8221;60&#8243;][\/vc_column][\/vc_row][vc_row][vc_column][vc_custom_heading text=&#8221;JOJO UND DER FUSSBALLGOTT&#8221; font_container=&#8221;tag:h3|text_align:left|color:%236dab24&#8243; use_theme_fonts=&#8221;yes&#8221;][\/vc_column][\/vc_row][vc_row][vc_column width=&#8221;2\/3&#8243;][vc_column_text]Machtgierige Fu\u00dfballgauner treffen auf die Schlagfertigkeit und Treffsicherheit von quicklebendigen Kickerm\u00e4nnchen. JOJO UND DER FUSSBALLGOTT ist<\/p>\n","protected":false},"author":5,"featured_media":3304,"parent":3430,"menu_order":1,"comment_status":"closed","ping_status":"closed","template":"","meta":{"footnotes":""},"class_list":["post-4018","page","type-page","status-publish","has-post-thumbnail","hentry"],"translation":{"provider":"WPGlobus","version":"3.0.2","language":"de","enabled_languages":["en","de"],"languages":{"en":{"title":true,"content":true,"excerpt":false},"de":{"title":false,"content":true,"excerpt":false}}},"aioseo_notices":[],"_links":{"self":[{"href":"https:\/\/www.daywalker-studios.de\/de\/wp-json\/wp\/v2\/pages\/4018","targetHints":{"allow":["GET"]}}],"collection":[{"href":"https:\/\/www.daywalker-studios.de\/de\/wp-json\/wp\/v2\/pages"}],"about":[{"href":"https:\/\/www.daywalker-studios.de\/de\/wp-json\/wp\/v2\/types\/page"}],"author":[{"embeddable":true,"href":"https:\/\/www.daywalker-studios.de\/de\/wp-json\/wp\/v2\/users\/5"}],"replies":[{"embeddable":true,"href":"https:\/\/www.daywalker-studios.de\/de\/wp-json\/wp\/v2\/comments?post=4018"}],"version-history":[{"count":90,"href":"https:\/\/www.daywalker-studios.de\/de\/wp-json\/wp\/v2\/pages\/4018\/revisions"}],"predecessor-version":[{"id":5725,"href":"https:\/\/www.daywalker-studios.de\/de\/wp-json\/wp\/v2\/pages\/4018\/revisions\/5725"}],"up":[{"embeddable":true,"href":"https:\/\/www.daywalker-studios.de\/de\/wp-json\/wp\/v2\/pages\/3430"}],"wp:featuredmedia":[{"embeddable":true,"href":"https:\/\/www.daywalker-studios.de\/de\/wp-json\/wp\/v2\/media\/3304"}],"wp:attachment":[{"href":"https:\/\/www.daywalker-studios.de\/de\/wp-json\/wp\/v2\/media?parent=4018"}],"curies":[{"name":"wp","href":"https:\/\/api.w.org\/{rel}","templated":true}]}}